{"id":18,"date":"2018-01-12T19:57:45","date_gmt":"2018-01-12T19:57:45","guid":{"rendered":"http:\/\/metalseg.com.br\/site\/one-page-express\/"},"modified":"2026-01-08T12:06:03","modified_gmt":"2026-01-08T12:06:03","slug":"one-page-express","status":"publish","type":"page","link":"https:\/\/metalseg.com.br\/site\/","title":{"rendered":"Barreiras de Alta Seguran\u00e7a"},"content":{"rendered":"\t\t<div data-elementor-type=\"wp-page\" data-elementor-id=\"18\" class=\"elementor elementor-18\">\n\t\t\t\t\t\t<section class=\"elementor-section elementor-top-section elementor-element elementor-element-19d88583 elementor-section-boxed elementor-section-height-default elementor-section-height-default\" data-id=\"19d88583\" data-element_type=\"section\">\n\t\t\t\t\t\t<div class=\"elementor-container elementor-column-gap-default\">\n\t\t\t\t\t<div class=\"elementor-column elementor-col-100 elementor-top-column elementor-element elementor-element-ce3cd5e\" data-id=\"ce3cd5e\" data-element_type=\"column\">\n\t\t\t<div class=\"elementor-widget-wrap elementor-element-populated\">\n\t\t\t\t\t\t<div class=\"elementor-element elementor-element-5e1a7c71 elementor-widget elementor-widget-text-editor\" data-id=\"5e1a7c71\" data-element_type=\"widget\" data-widget_type=\"text-editor.default\">\n\t\t\t\t<div class=\"elementor-widget-container\">\n\t\t\t\t\t\t\t\t\t<div id=\"overlapable-2\" class=\"features-coloured-icon-boxes-section\" style=\"background-color: #ffffff;\" data-label=\"Overlapable\" data-id=\"stripped-coloured-icon-boxes\" data-category=\"overlapable\" data-overlap=\"true\"><div class=\"gridContainer\"><div class=\"features-coloured-icon-boxes-innerrow flexbox-list dark-text\" data-type=\"row\"><div class=\"features-coloured-icon-boxes-featurecol cp4cols\"><p><img decoding=\"async\" class=\"custom-image\" src=\"http:\/\/metalseg.com.br\/site\/wp-content\/uploads\/2018\/01\/garra-durabilidade2.png\" \/><\/p><h4 class=\"\">DURABILIDADE INCOMPAR\u00c1VEL<\/h4><p class=\"\">O Dilacerador de Pneus Metalseg utiliza apenas produtos testados e garantidos para aguentar toda e qualquer press\u00e3o que forem submetidos.<\/p><p><a class=\"button blue\" href=\"https:\/\/metalseg.com.br\/site\/produtos\/dilacerador-de-pneus\/#durabilidade\" target=\"_self\" rel=\"noopener\">VER MAIS<\/a><\/p><\/div><div class=\"features-coloured-icon-boxes-featurecol cp4cols\"><p><img decoding=\"async\" class=\"custom-image\" src=\"http:\/\/metalseg.com.br\/site\/wp-content\/uploads\/2018\/01\/garra-confianca2.png\" \/><\/p><h4 class=\"\">SEGURAN\u00c7A QUE VOC\u00ca PODE CONFIAR<\/h4><p class=\"\">Produtos de seguran\u00e7a n\u00e3o podem falhar ou ficar sem funcionar por 1 dia sequer. o\u00a0Dilacerador de Pneus consegue trabalhar diariamente sem necessitar de nenhuma configura\u00e7\u00e3o espec\u00edfica.<\/p><p><a class=\"button blue\" href=\"https:\/\/metalseg.com.br\/site\/produtos\/dilacerador-de-pneus\/#confianca\" target=\"_self\" rel=\"noopener\">VER MAIS<\/a><\/p><\/div><div class=\"features-coloured-icon-boxes-featurecol cp4cols\"><p><img decoding=\"async\" class=\"custom-image\" src=\"http:\/\/metalseg.com.br\/site\/wp-content\/uploads\/2018\/01\/garra-facilidade2.png\" \/><\/p><h4 class=\"\">IMPLANTA\u00c7\u00c3O INCRIVELMENTE SIMPLES<\/h4><p class=\"\">Esque\u00e7a toda a dificuldade que \u00e9 vendida no mercado. Tudo em nosso Dilacerador de Pneus \u00e9 inteligentemente simples, desde a instala\u00e7\u00e3o ao acionamento.<\/p><p><a class=\"button blue\" href=\"https:\/\/metalseg.com.br\/site\/produtos\/dilacerador-de-pneus\/#implantacao\" target=\"_self\" rel=\"noopener\">VER MAIS<\/a><\/p><\/div><\/div><\/div><\/div><div id=\"about-1\" class=\"about-big-images-section\" style=\"background-color: #f6f6f6;\" data-label=\"About\" data-id=\"about-big-images-section\" data-category=\"about\"><div class=\"gridContainer\"><div class=\"about-big-images-textrow\"><div class=\"about-big-images-textcol dynamic-color\" data-type=\"column\"><h5 class=\"\">SEGURAN\u00c7A LOG\u00cdSTICA<\/h5><h3 class=\"\">Esteja um passo \u00e0 frente na prote\u00e7\u00e3o de cargas dentro de Galp\u00f5es Log\u00edsticos<\/h3><p class=\"\">CFTV e Seguran\u00e7as Armados j\u00e1 n\u00e3o s\u00e3o o suficiente para se prevenir contra o aumento de roubos de cargas ainda dentro do complexo log\u00edstico. Proteja sua carga utilizando a barreira mec\u00e2nica mais eficiente e confi\u00e1vel do mercado, o Dilacerador de Pneus Metalseg.<\/p><p><a class=\"button blue big\" href=\"https:\/\/metalseg.com.br\/site\/produtos\/dilacerador-de-pneus\/#info\" target=\"_self\" rel=\"noopener\">COMO FUNCIONA?<\/a><\/p><\/div><\/div><\/div><div class=\"about-big-images-bottomrow\"><div class=\"about-big-images-leftimgcol\"><img decoding=\"async\" class=\"about-big-images-leftimg\" src=\"http:\/\/metalseg.com.br\/site\/wp-content\/uploads\/2018\/03\/dilacerador-pare.jpg\" \/><\/div><div class=\"about-big-images-centerimgcol\"><img decoding=\"async\" class=\"about-big-images-centerimg\" src=\"http:\/\/metalseg.com.br\/site\/wp-content\/uploads\/2018\/01\/IMG_5841.jpg\" \/><\/div><div class=\"about-big-images-rightimgcol\"><img decoding=\"async\" class=\"about-big-images-rightimg\" src=\"http:\/\/metalseg.com.br\/site\/wp-content\/uploads\/2018\/03\/produtos-garra.jpg\" \/><\/div><\/div><\/div><div id=\"content-3\" class=\"content-left-image-section\" style=\"background-color: #ffffff;\" data-label=\"Content\" data-id=\"content-image-left\" data-category=\"content\"><div class=\"gridContainer\"><div class=\"row\"><div class=\"content-left-image-imgcol\" data-type=\"column\"><img decoding=\"async\" class=\"\" src=\"http:\/\/metalseg.com.br\/site\/wp-content\/uploads\/2018\/01\/Gaveta.jpg\" \/><\/div><div class=\"content-left-image-textcol dynamic-color\" data-type=\"column\"><h2 class=\"\">Gaveta Passa Volumes para Guarita<\/h2><p class=\"large_text\">A entrega de documentos e encomendas pode ser um momento perigoso na rotina de um condom\u00ednio. Proteja-se eliminando todo o contato direto com o entregador.<\/p><p><a class=\"button blue\" href=\"http:\/\/www.metalseg.com.br\/site\/produtos\/gaveta-passa-volumes\" target=\"_self\" rel=\"noopener\"> SAIBA MAIS <\/a><\/p><\/div><\/div><\/div><\/div><div id=\"content-4\" class=\"content-right-image-section\" style=\"background-color: #f6f6f6;\" data-label=\"Content\" data-id=\"content-image-right\" data-category=\"content\"><div class=\"gridContainer\"><div class=\"content-right-image-gridcol\"><div class=\"content-right-image-textcol dynamic-color\" data-type=\"column\"><h2 class=\"\">Arm\u00e1rios de Alta Seguran\u00e7a<\/h2><p class=\"large_text\">Guarde tudo aquilo que importa dentro de uma estrutura extra forte, super refor\u00e7ada e com travamento utilizado em portas blindadas. Ali ningu\u00e9m invade.<\/p><p><a class=\"button blue\" href=\"http:\/\/www.metalseg.com.br\/site\/produtos\/armarios-e-cofres\" target=\"_self\" rel=\"noopener\"> SAIBA MAIS <\/a><\/p><\/div><div class=\"content-right-image-imgcol\" data-type=\"column\"><img decoding=\"async\" class=\"\" src=\"http:\/\/metalseg.com.br\/site\/wp-content\/uploads\/2018\/01\/armario.jpg\" \/><\/div><\/div><\/div><\/div><div id=\"cta-1\" class=\"cta-blue-section\" data-label=\"Call to action\" data-id=\"cta-blue-section\" data-category=\"cta\"><div class=\"gridContainer\"><div class=\"flexbox-list flexbox-list-align-center row\"><div class=\"cta-blue-textcol dynamic-color\"><h2 class=\"cta-blue-text\"><b class=\"element2\"> Tem alguma d\u00favida?<\/b>\u00a0Fale conosco!<\/h2><\/div><div class=\"cta-blue-btncol\"><a class=\"button big yellow dark-text\" href=\"https:\/\/metalseg.com.br\/site\/contato\" target=\"_self\" rel=\"noopener\"> CONTATO <\/a><\/div><\/div><\/div><\/div><div id=\"clients-1\" class=\"clients-grid-section\" style=\"background-color: #ffffff;\" data-label=\"Clients\" data-id=\"clients-grid-section\" data-category=\"clients\"><div class=\"gridContainer\"><div class=\"clients-grid-textrow row\" data-type=\"column\"><div class=\"clients-grid-textcol dynamic-color\" data-type=\"column\"><h2 class=\"\">Desde 1990 desenvolvendo seguran\u00e7a para todo o Brasil<\/h2><p class=\"\">Trabalhando com compromisso e uma linha diferenciada de produtos, h\u00e1 mais de 25 anos atendendo todo o Brasil, com produtos de alta qualidade, \u00f3timo atendimento e pre\u00e7o competitivo.<\/p><\/div><\/div><div class=\"row\" data-type=\"row\" data-add-content=\"false\"><div class=\"clients-grid-itemcol cp3cols cp3cols-tablet\"><div class=\"middle_align5\"><a class=\"\" href=\"https:\/\/metalseg.com.br\/site\" target=\"_self\" rel=\"noopener\"><img decoding=\"async\" class=\"clients-grid-itemimg\" src=\"http:\/\/metalseg.com.br\/site\/wp-content\/uploads\/2018\/01\/logo-amazon.jpg\" \/><\/a><\/div><\/div><div class=\"clients-grid-itemcol cp3cols cp3cols-tablet\"><div class=\"middle_align5\"><a class=\"\" href=\"https:\/\/metalseg.com.br\/site\" target=\"_self\" rel=\"noopener\"><img decoding=\"async\" class=\"clients-grid-itemimg\" src=\"http:\/\/metalseg.com.br\/site\/wp-content\/uploads\/2018\/01\/logo-sbt.jpg\" \/><\/a><\/div><\/div><div class=\"clients-grid-itemcol cp3cols cp3cols-tablet\"><div class=\"middle_align5\"><a class=\"\" href=\"https:\/\/metalseg.com.br\/site\" target=\"_self\" rel=\"noopener\"><img decoding=\"async\" class=\"clients-grid-itemimg\" src=\"http:\/\/metalseg.com.br\/site\/wp-content\/uploads\/2018\/01\/logo-tegma.jpg\" \/><\/a><\/div><\/div><div class=\"clients-grid-itemcol cp3cols cp3cols-tablet\"><div class=\"middle_align5\"><a class=\"\" href=\"https:\/\/metalseg.com.br\/site\" target=\"_self\" rel=\"noopener\"><img decoding=\"async\" class=\"clients-grid-itemimg\" src=\"http:\/\/metalseg.com.br\/site\/wp-content\/uploads\/2018\/01\/logo-dhl.jpg\" \/><\/a><\/div><\/div><div class=\"clients-grid-itemcol cp3cols cp3cols-tablet\"><div class=\"middle_align5\"><a class=\"\" href=\"https:\/\/metalseg.com.br\/site\" target=\"_self\" rel=\"noopener\"><img decoding=\"async\" class=\"clients-grid-itemimg\" src=\"http:\/\/metalseg.com.br\/site\/wp-content\/uploads\/2018\/01\/logo-drogaraia.jpg\" \/> <\/a><\/div><\/div><div class=\"clients-grid-itemcol cp3cols cp3cols-tablet\"><div class=\"middle_align5\"><a class=\"\" href=\"https:\/\/metalseg.com.br\/site\" target=\"_self\" rel=\"noopener\"><img decoding=\"async\" class=\"clients-grid-itemimg\" src=\"http:\/\/metalseg.com.br\/site\/wp-content\/uploads\/2018\/01\/logo-dsm.jpg\" \/><\/a><\/div><\/div><div class=\"clients-grid-itemcol cp3cols cp3cols-tablet\"><div class=\"middle_align5\"><a class=\"\" href=\"https:\/\/metalseg.com.br\/site\" target=\"_self\" rel=\"noopener\"><img decoding=\"async\" class=\"clients-grid-itemimg\" src=\"http:\/\/metalseg.com.br\/site\/wp-content\/uploads\/2018\/01\/logo-samsung.jpg\" \/><\/a><\/div><\/div><div class=\"clients-grid-itemcol cp3cols cp3cols-tablet\"><div class=\"middle_align5\"><a class=\"\" href=\"https:\/\/metalseg.com.br\/site\" target=\"_self\" rel=\"noopener\"><img decoding=\"async\" class=\"clients-grid-itemimg\" src=\"http:\/\/metalseg.com.br\/site\/wp-content\/uploads\/2018\/01\/logo-santosbrasil.jpg\" \/><\/a><\/div><\/div><div class=\"clients-grid-itemcol cp3cols cp3cols-tablet\"><div class=\"middle_align5\"><a class=\"\" href=\"https:\/\/metalseg.com.br\/site\" target=\"_self\" rel=\"noopener\"><img decoding=\"async\" class=\"clients-grid-itemimg\" src=\"http:\/\/metalseg.com.br\/site\/wp-content\/uploads\/2018\/01\/logo-honda.jpg\" \/><\/a><\/div><\/div><div class=\"clients-grid-itemcol cp3cols cp3cols-tablet\"><div class=\"middle_align5\"><a class=\"\" href=\"https:\/\/metalseg.com.br\/site\" target=\"_self\" rel=\"noopener\"><img decoding=\"async\" class=\"clients-grid-itemimg\" src=\"http:\/\/metalseg.com.br\/site\/wp-content\/uploads\/2018\/01\/logo-infraero.jpg\" \/><\/a><\/div><\/div><div class=\"clients-grid-itemcol cp3cols cp3cols-tablet\"><div class=\"middle_align5\"><a class=\"\" href=\"https:\/\/metalseg.com.br\/site\" target=\"_self\" rel=\"noopener\"><img decoding=\"async\" class=\"clients-grid-itemimg\" src=\"http:\/\/metalseg.com.br\/site\/wp-content\/uploads\/2018\/01\/logo-inframerica.jpg\" \/><\/a><\/div><\/div><div class=\"clients-grid-itemcol cp3cols cp3cols-tablet\"><div class=\"middle_align5\"><a class=\"\" href=\"https:\/\/metalseg.com.br\/site\" target=\"_self\" rel=\"noopener\"><img decoding=\"async\" class=\"clients-grid-itemimg\" src=\"http:\/\/metalseg.com.br\/site\/wp-content\/uploads\/2018\/01\/logo-jadlog.jpg\" \/><\/a><\/div><\/div><div class=\"clients-grid-itemcol cp3cols cp3cols-tablet\"><div class=\"middle_align5\"><a class=\"\" href=\"https:\/\/metalseg.com.br\/site\" target=\"_self\" rel=\"noopener\"><img decoding=\"async\" class=\"clients-grid-itemimg\" src=\"http:\/\/metalseg.com.br\/site\/wp-content\/uploads\/2018\/01\/logo-magazineluiza.jpg\" \/><\/a><\/div><\/div><div class=\"clients-grid-itemcol cp3cols cp3cols-tablet\"><div class=\"middle_align5\"><a class=\"\" href=\"https:\/\/metalseg.com.br\/site\" target=\"_self\" rel=\"noopener\"><img decoding=\"async\" class=\"clients-grid-itemimg\" src=\"http:\/\/metalseg.com.br\/site\/wp-content\/uploads\/2018\/01\/logo-magnetimarelli.jpg\" \/><\/a><\/div><\/div><div class=\"clients-grid-itemcol cp3cols cp3cols-tablet\"><div class=\"middle_align5\"><a class=\"\" href=\"https:\/\/metalseg.com.br\/site\" target=\"_self\" rel=\"noopener\"><img decoding=\"async\" class=\"clients-grid-itemimg\" src=\"http:\/\/metalseg.com.br\/site\/wp-content\/uploads\/2018\/01\/logo-motorola.jpg\" \/><\/a><\/div><\/div><div class=\"clients-grid-itemcol cp3cols cp3cols-tablet\"><div class=\"middle_align5\"><a class=\"\" href=\"https:\/\/metalseg.com.br\/site\" target=\"_self\" rel=\"noopener\"><img decoding=\"async\" class=\"clients-grid-itemimg\" src=\"http:\/\/metalseg.com.br\/site\/wp-content\/uploads\/2018\/01\/logo-paranapanema.jpg\" \/><\/a><\/div><\/div><\/div><\/div><\/div><div id=\"contact-4\" class=\"contact-section-formsection white-text\" style=\"background-image: url('http:\/\/metalseg.com.br\/site\/wp-content\/uploads\/2018\/01\/fundocontato.jpg'); background-size: auto 944px; background-repeat: no-repeat; background-position: center top 81.7336%;\" data-label=\"Contact\" data-id=\"contact-section\" data-category=\"contact\" data-bg=\"transparent\"><div class=\"gridContainer\"><div class=\"row_224\"><div class=\"contact-textrow\"><div class=\"contact-textcol dynamic-color\"><h2 class=\"\">Ligue agora: <strong>(11) 4307-5949<\/strong><\/h2><p class=\"p1\"><strong>Fale direto com o vendedor:<\/strong> <strong>(11) 94939-8293<\/strong><\/p><p class=\"p1\"><strong>WhatsApp Vendas:<\/strong> <a class=\"\" href=\"https:\/\/api.whatsapp.com\/send?phone=5511949398293&amp;text=Oi%20gostaria%20de%20receber%20atendimento%20sobre%20Dilacerador%20de%20Pneus%20Metalseg\" target=\"_blank\" rel=\"noopener\">TOQUE AQUI PARA CHAMAR NO WHATS<\/a><\/p><h2 class=\"\"><strong>\u00a0<\/strong><\/h2><p class=\"white_text\">Ou mande um email que responderemos num segundo<\/p><\/div><\/div><\/div><div class=\"contact-formcol\" data-content-shortcode=\"one_page_express_contact_form shortcode=&quot;contact-form-7 id=&amp;amp;quot;4&amp;amp;quot; title=&amp;amp;quot;Contact form 1&amp;amp;quot;&quot;\" data-editable=\"true\">\n<div class=\"wpcf7 no-js\" id=\"wpcf7-f4-o1\" lang=\"pt-BR\" dir=\"ltr\" data-wpcf7-id=\"4\">\n<div class=\"screen-reader-response\"><p role=\"status\" aria-live=\"polite\" aria-atomic=\"true\"><\/p> <ul><\/ul><\/div>\n<form action=\"\/site\/wp-json\/wp\/v2\/pages\/18#wpcf7-f4-o1\" method=\"post\" class=\"wpcf7-form init\" aria-label=\"Formul\u00e1rios de contato\" novalidate=\"novalidate\" data-status=\"init\">\n<div style=\"display: none;\">\n<input type=\"hidden\" name=\"_wpcf7\" value=\"4\" \/>\n<input type=\"hidden\" name=\"_wpcf7_version\" value=\"6.0.6\" \/>\n<input type=\"hidden\" name=\"_wpcf7_locale\" value=\"pt_BR\" \/>\n<input type=\"hidden\" name=\"_wpcf7_unit_tag\" value=\"wpcf7-f4-o1\" \/>\n<input type=\"hidden\" name=\"_wpcf7_container_post\" value=\"0\" \/>\n<input type=\"hidden\" name=\"_wpcf7_posted_data_hash\" value=\"\" \/>\n<\/div>\n<p><label> Nome (requerido)<br \/>\n<span class=\"wpcf7-form-control-wrap\" data-name=\"your-name\"><input size=\"40\" maxlength=\"400\" class=\"wpcf7-form-control wpcf7-text wpcf7-validates-as-required\" aria-required=\"true\" aria-invalid=\"false\" value=\"\" type=\"text\" name=\"your-name\" \/><\/span> <\/label>\n<\/p>\n<p><label> Email (requerido)<br \/>\n<span class=\"wpcf7-form-control-wrap\" data-name=\"your-email\"><input size=\"40\" maxlength=\"400\" class=\"wpcf7-form-control wpcf7-email wpcf7-validates-as-required wpcf7-text wpcf7-validates-as-email\" aria-required=\"true\" aria-invalid=\"false\" value=\"\" type=\"email\" name=\"your-email\" \/><\/span> <\/label>\n<\/p>\n<p><label> Telefone (requerido)<br \/>\n<span class=\"wpcf7-form-control-wrap\" data-name=\"tel-357\"><input size=\"40\" maxlength=\"400\" class=\"wpcf7-form-control wpcf7-tel wpcf7-validates-as-required wpcf7-text wpcf7-validates-as-tel\" aria-required=\"true\" aria-invalid=\"false\" value=\"\" type=\"tel\" name=\"tel-357\" \/><\/span><br \/>\n<\/label>\n<\/p>\n<p><label> Mensagem:<br \/>\n<span class=\"wpcf7-form-control-wrap\" data-name=\"your-message\"><textarea cols=\"40\" rows=\"10\" maxlength=\"2000\" class=\"wpcf7-form-control wpcf7-textarea\" aria-invalid=\"false\" name=\"your-message\"><\/textarea><\/span> <\/label>\n<\/p>\n<p><input class=\"wpcf7-form-control wpcf7-submit has-spinner\" type=\"submit\" value=\"Enviar\" \/>\n<\/p><div class=\"wpcf7-response-output\" aria-hidden=\"true\"><\/div>\n<\/form>\n<\/div>\n<\/div><\/div><\/div>\t\t\t\t\t\t\t\t<\/div>\n\t\t\t\t<\/div>\n\t\t\t\t\t<\/div>\n\t\t<\/div>\n\t\t\t\t\t<\/div>\n\t\t<\/section>\n\t\t\t\t<\/div>\n\t\t","protected":false},"excerpt":{"rendered":"<p>DURABILIDADE INCOMPAR\u00c1VELO Dilacerador de Pneus Metalseg utiliza apenas produtos testados e garantidos para aguentar toda e qualquer press\u00e3o que forem submetidos.VER MAISSEGURAN\u00c7A QUE VOC\u00ca PODE CONFIARProdutos de seguran\u00e7a n\u00e3o podem falhar ou ficar sem funcionar por 1 dia sequer. o\u00a0Dilacerador de Pneus consegue trabalhar diariamente sem necessitar de nenhuma configura\u00e7\u00e3o espec\u00edfica.VER MAISIMPLANTA\u00c7\u00c3O INCRIVELMENTE SIMPLESEsque\u00e7a toda&hellip; <br \/> <a class=\"button small blue\" href=\"https:\/\/metalseg.com.br\/site\/\">Leia mais<\/a><\/p>\n","protected":false},"author":1,"featured_media":0,"parent":0,"menu_order":0,"comment_status":"closed","ping_status":"closed","template":"","meta":{"footnotes":""},"class_list":["post-18","page","type-page","status-publish","hentry"],"_links":{"self":[{"href":"https:\/\/metalseg.com.br\/site\/wp-json\/wp\/v2\/pages\/18","targetHints":{"allow":["GET"]}}],"collection":[{"href":"https:\/\/metalseg.com.br\/site\/wp-json\/wp\/v2\/pages"}],"about":[{"href":"https:\/\/metalseg.com.br\/site\/wp-json\/wp\/v2\/types\/page"}],"author":[{"embeddable":true,"href":"https:\/\/metalseg.com.br\/site\/wp-json\/wp\/v2\/users\/1"}],"replies":[{"embeddable":true,"href":"https:\/\/metalseg.com.br\/site\/wp-json\/wp\/v2\/comments?post=18"}],"version-history":[{"count":73,"href":"https:\/\/metalseg.com.br\/site\/wp-json\/wp\/v2\/pages\/18\/revisions"}],"predecessor-version":[{"id":567,"href":"https:\/\/metalseg.com.br\/site\/wp-json\/wp\/v2\/pages\/18\/revisions\/567"}],"wp:attachment":[{"href":"https:\/\/metalseg.com.br\/site\/wp-json\/wp\/v2\/media?parent=18"}],"curies":[{"name":"wp","href":"https:\/\/api.w.org\/{rel}","templated":true}]}}