{"id":100,"date":"2018-01-13T20:44:02","date_gmt":"2018-01-13T20:44:02","guid":{"rendered":"http:\/\/metalseg.com.br\/site\/?page_id=100"},"modified":"2025-07-18T15:28:26","modified_gmt":"2025-07-18T15:28:26","slug":"sobre-nos","status":"publish","type":"page","link":"https:\/\/metalseg.com.br\/site\/sobre-nos\/","title":{"rendered":"Sobre N\u00f3s"},"content":{"rendered":"<p class=\"style10\">Ol\u00e1!<\/p>\n<p>A\u00a0<strong>METALSEG<\/strong> \u00e9 uma empresa formada por Engenheiros, T\u00e9cnicos e Consultores com larga \u00a0experi\u00eancia no segmento de Metalurgia, Seguran\u00e7a P\u00fablica e Patrimonial.<\/p>\n<p>A\u00a0<strong>METALSEG<\/strong>\u00a0foi criada para atender, de forma t\u00e9cnica e profissional, a crescente demanda por produtos espec\u00edficos para projetos de Seguran\u00e7a Arquitet\u00f4nica.<\/p>\n<p>Nossa linha de produtos vai desde pequenos cofres residenciais at\u00e9 Dilaceradores de Pneus, Gavetas Passa Volumes para guaritas blindadas e Arm\u00e1rios de Seguran\u00e7a. Temos como usu\u00e1rios de nossos produtos empresas conceituadas como: Construtora Tecnisa, Construtora Nigri, Construtora Company, M\u00e9todo Engenharia, DHL Transportes, Magazine Luiza, Armor Blindados, al\u00e9m de diversos condom\u00ednios residenciais e comerciais.<\/p>\n<p>A <strong>METALSEG<\/strong>\u00a0disp\u00f5e de representantes e revendedores nas principais cidades do Brasil.<br \/>\nPara garantir a otimiza\u00e7\u00e3o e a mais adequada aplica\u00e7\u00e3o de nossos produtos, nossos revendedores s\u00e3o, em sua maioria, empresas especializadas em seguran\u00e7a patrimonial.<\/p>\n<p>No entanto, os clientes que n\u00e3o necessitarem do apoio t\u00e9cnico de um representante ou revendedor, poder\u00e3o comprar os produtos, sob medida, diretamente com nossa equipe comercial.<br \/>\n<a href=\"http:\/\/metalseg.com.br\/site\/produtos\/\">Para conhecer um pouco mais de nossos produtos, clique aqui.<\/a><\/p>\n<p class=\"style10\">Sejam bem-vindos!<\/p>\n","protected":false},"excerpt":{"rendered":"<p>Ol\u00e1! A\u00a0METALSEG \u00e9 uma empresa formada por Engenheiros, T\u00e9cnicos e Consultores com larga \u00a0experi\u00eancia no segmento de Metalurgia, Seguran\u00e7a P\u00fablica e Patrimonial. A\u00a0METALSEG\u00a0foi criada para atender, de forma t\u00e9cnica e profissional, a crescente demanda por produtos espec\u00edficos para projetos de Seguran\u00e7a Arquitet\u00f4nica. Nossa linha de produtos vai desde pequenos cofres residenciais at\u00e9 Dilaceradores de Pneus,&hellip; <br \/> <a class=\"button small blue\" href=\"https:\/\/metalseg.com.br\/site\/sobre-nos\/\">Leia mais<\/a><\/p>\n","protected":false},"author":1,"featured_media":0,"parent":0,"menu_order":0,"comment_status":"closed","ping_status":"closed","template":"","meta":{"footnotes":""},"class_list":["post-100","page","type-page","status-publish","hentry"],"_links":{"self":[{"href":"https:\/\/metalseg.com.br\/site\/wp-json\/wp\/v2\/pages\/100","targetHints":{"allow":["GET"]}}],"collection":[{"href":"https:\/\/metalseg.com.br\/site\/wp-json\/wp\/v2\/pages"}],"about":[{"href":"https:\/\/metalseg.com.br\/site\/wp-json\/wp\/v2\/types\/page"}],"author":[{"embeddable":true,"href":"https:\/\/metalseg.com.br\/site\/wp-json\/wp\/v2\/users\/1"}],"replies":[{"embeddable":true,"href":"https:\/\/metalseg.com.br\/site\/wp-json\/wp\/v2\/comments?post=100"}],"version-history":[{"count":6,"href":"https:\/\/metalseg.com.br\/site\/wp-json\/wp\/v2\/pages\/100\/revisions"}],"predecessor-version":[{"id":513,"href":"https:\/\/metalseg.com.br\/site\/wp-json\/wp\/v2\/pages\/100\/revisions\/513"}],"wp:attachment":[{"href":"https:\/\/metalseg.com.br\/site\/wp-json\/wp\/v2\/media?parent=100"}],"curies":[{"name":"wp","href":"https:\/\/api.w.org\/{rel}","templated":true}]}}