{"id":91,"date":"2018-01-13T20:40:56","date_gmt":"2018-01-13T20:40:56","guid":{"rendered":"http:\/\/metalseg.com.br\/site\/?page_id=91"},"modified":"2018-03-23T18:04:45","modified_gmt":"2018-03-23T18:04:45","slug":"armarios-e-cofres","status":"publish","type":"page","link":"http:\/\/metalseg.com.br\/site\/produtos\/armarios-e-cofres\/","title":{"rendered":"Arm\u00e1rios e Cofres"},"content":{"rendered":"<p><strong>Arm\u00e1rios de Seguran\u00e7a em A\u00e7o<\/strong>\u00a0extra-forte com sistema de travamento atrav\u00e9s de fechadura de alta seguran\u00e7a e cilindro multiponto. Perfeito para guardar documentos confidenciais, ferramentas especiais, medicamentos controlados e muito mais. Ideal para escrit\u00f3rios de contabilidade, despachantes, oficinas de inje\u00e7\u00e3o eletr\u00f4nica, drogarias, etc.<\/p>\n<div class=\"su-animate\" style=\"opacity:0;-webkit-animation-duration:1s;-webkit-animation-delay:0s;animation-duration:1s;animation-delay:0s;\" data-animation=\"bounceIn\" data-duration=\"1\" data-delay=\"0\">\n<div class=\"su-box su-box-style-default\" id=\"\" style=\"border-color:#000000;border-radius:6px;\"><div class=\"su-box-title\" style=\"background-color:#333333;color:#FFFFFF;border-top-left-radius:4px;border-top-right-radius:4px\">Tamanhos<\/div><div class=\"su-box-content su-u-clearfix su-u-trim\" style=\"border-bottom-left-radius:4px;border-bottom-right-radius:4px\"><div class=\"su-table su-table-responsive su-table-alternate\">\n<table id=\"specs2\" class=\"style2\" border=\"0\" width=\"100%\" cellspacing=\"0\" cellpadding=\"0\" align=\"center\">\n<tbody>\n<tr>\n<td valign=\"top\"><strong>ASEG\/001<\/strong><\/td>\n<td width=\"59%\">900mm x 400mm x 1.500mm<br \/>\n(L x P x H)<\/td>\n<\/tr>\n<tr>\n<td valign=\"top\"><strong>ASEG\/002<\/strong><\/td>\n<td width=\"59%\">1.200mm x 500mm x 1.700mm<br \/>\n(L x P x H)<\/td>\n<\/tr>\n<tr>\n<td valign=\"top\"><strong>ASEG\/003<\/strong><\/td>\n<td width=\"59%\">1.500mm x 600mm x 1.700mm<br \/>\n(L x P x H)<\/td>\n<\/tr>\n<\/tbody>\n<\/table>\n<\/div><\/div><\/div>\n<\/div>\n<div class=\"su-animate\" style=\"opacity:0;-webkit-animation-duration:1s;-webkit-animation-delay:0s;animation-duration:1s;animation-delay:0s;\" data-animation=\"slideInLeft\" data-duration=\"1\" data-delay=\"0\"><div class=\"su-row\"><div class=\"su-column su-column-size-1-2\"><div class=\"su-column-inner su-u-clearfix su-u-trim\"><div class=\"su-service\"><div class=\"su-service-title\" style=\"padding-left:40px;min-height:26px;line-height:26px\"><i class=\"sui sui-share\" style=\"font-size:26px;color:#900\"><\/i> Estrutura<\/div><div class=\"su-service-content su-u-clearfix su-u-trim\" style=\"padding-left:40px\">Constru\u00eddo em estrutura tubular refor\u00e7ada e chapas de a\u00e7o ASTM 36 na espessura de 3mm.\u00a0<\/div><\/div><\/div><\/div> <div class=\"su-column su-column-size-1-2\"><div class=\"su-column-inner su-u-clearfix su-u-trim\">\u00a0\u00a0<img fetchpriority=\"high\" decoding=\"async\" class=\"alignnone size-medium wp-image-381\" src=\"http:\/\/metalseg.com.br\/site\/wp-content\/uploads\/2018\/03\/arm-mec_foto4-300x300.jpg\" alt=\"\" width=\"300\" height=\"300\" srcset=\"http:\/\/metalseg.com.br\/site\/wp-content\/uploads\/2018\/03\/arm-mec_foto4-300x300.jpg 300w, http:\/\/metalseg.com.br\/site\/wp-content\/uploads\/2018\/03\/arm-mec_foto4-150x150.jpg 150w, http:\/\/metalseg.com.br\/site\/wp-content\/uploads\/2018\/03\/arm-mec_foto4.jpg 340w\" sizes=\"(max-width: 300px) 100vw, 300px\" \/><\/div><\/div><\/div><\/div>\n<div class=\"su-animate\" style=\"opacity:0;-webkit-animation-duration:1s;-webkit-animation-delay:0s;animation-duration:1s;animation-delay:0s;\" data-animation=\"slideInLeft\" data-duration=\"1\" data-delay=\"0\"><div class=\"su-row\"><div class=\"su-column su-column-size-1-2\"><div class=\"su-column-inner su-u-clearfix su-u-trim\"><div class=\"su-service\"><div class=\"su-service-title\" style=\"padding-left:40px;min-height:26px;line-height:26px\"><i class=\"sui sui-share\" style=\"font-size:26px;color:#900\"><\/i> Sistema de Travamento<\/div><div class=\"su-service-content su-u-clearfix su-u-trim\" style=\"padding-left:40px\">Fechadura de Alta Seguran\u00e7a com chave e cilindro com tecnologia multiponto.\u00a0<\/div><\/div><\/div><\/div> <div class=\"su-column su-column-size-1-2\"><div class=\"su-column-inner su-u-clearfix su-u-trim\"><img decoding=\"async\" class=\"alignnone size-medium wp-image-382\" src=\"http:\/\/metalseg.com.br\/site\/wp-content\/uploads\/2018\/03\/arm-mec_foto5-300x300.jpg\" alt=\"\" width=\"300\" height=\"300\" srcset=\"http:\/\/metalseg.com.br\/site\/wp-content\/uploads\/2018\/03\/arm-mec_foto5-300x300.jpg 300w, http:\/\/metalseg.com.br\/site\/wp-content\/uploads\/2018\/03\/arm-mec_foto5-150x150.jpg 150w, http:\/\/metalseg.com.br\/site\/wp-content\/uploads\/2018\/03\/arm-mec_foto5.jpg 340w\" sizes=\"(max-width: 300px) 100vw, 300px\" \/><\/div><\/div><\/div><\/div>\n<div class=\"su-animate\" style=\"opacity:0;-webkit-animation-duration:1s;-webkit-animation-delay:0s;animation-duration:1s;animation-delay:0s;\" data-animation=\"slideInLeft\" data-duration=\"1\" data-delay=\"0\"><div class=\"su-row\"><div class=\"su-column su-column-size-1-2\"><div class=\"su-column-inner su-u-clearfix su-u-trim\"><div class=\"su-service\"><div class=\"su-service-title\" style=\"padding-left:40px;min-height:26px;line-height:26px\"><i class=\"sui sui-share\" style=\"font-size:26px;color:#900\"><\/i> Acabamento<\/div><div class=\"su-service-content su-u-clearfix su-u-trim\" style=\"padding-left:40px\">\nPintura eletrost\u00e1tica.<\/div><\/div><\/div><\/div> <div class=\"su-column su-column-size-1-2\"><div class=\"su-column-inner su-u-clearfix su-u-trim\"><img decoding=\"async\" class=\"alignnone size-medium wp-image-384\" src=\"http:\/\/metalseg.com.br\/site\/wp-content\/uploads\/2018\/03\/arm-mec_foto3-300x300.jpg\" alt=\"\" width=\"300\" height=\"300\" srcset=\"http:\/\/metalseg.com.br\/site\/wp-content\/uploads\/2018\/03\/arm-mec_foto3-300x300.jpg 300w, http:\/\/metalseg.com.br\/site\/wp-content\/uploads\/2018\/03\/arm-mec_foto3-150x150.jpg 150w, http:\/\/metalseg.com.br\/site\/wp-content\/uploads\/2018\/03\/arm-mec_foto3.jpg 340w\" sizes=\"(max-width: 300px) 100vw, 300px\" \/><\/div><\/div><\/div><\/div>\n<h3 style=\"text-align: center;\">Fotos do Produto<\/h3>\n<p style=\"text-align: center;\"><div class=\"su-custom-gallery su-custom-gallery-align-left su-custom-gallery-title-never su-lightbox-gallery\"><div class=\"su-custom-gallery-slide\" style=\"width:300px;height:300px\"><a href=\"http:\/\/metalseg.com.br\/site\/wp-content\/uploads\/2018\/03\/arm_foto1.jpg\" title=\"arm_foto1\"><img loading=\"lazy\" decoding=\"async\" src=\"http:\/\/metalseg.com.br\/site\/wp-content\/uploads\/2018\/03\/arm_foto1-300x300.jpg\" alt=\"arm_foto1\" width=\"300\" height=\"300\" \/><span class=\"su-custom-gallery-title\">arm_foto1<\/span><\/a><\/div><div class=\"su-custom-gallery-slide\" style=\"width:300px;height:300px\"><a href=\"http:\/\/metalseg.com.br\/site\/wp-content\/uploads\/2018\/03\/arm-mec_foto3.jpg\" title=\"arm-mec_foto3\"><img loading=\"lazy\" decoding=\"async\" src=\"http:\/\/metalseg.com.br\/site\/wp-content\/uploads\/2018\/03\/arm-mec_foto3-300x300.jpg\" alt=\"arm-mec_foto3\" width=\"300\" height=\"300\" \/><span class=\"su-custom-gallery-title\">arm-mec_foto3<\/span><\/a><\/div><div class=\"su-custom-gallery-slide\" style=\"width:300px;height:300px\"><a href=\"http:\/\/metalseg.com.br\/site\/wp-content\/uploads\/2018\/03\/arm-mec_foto6.jpg\" title=\"arm-mec_foto6\"><img loading=\"lazy\" decoding=\"async\" src=\"http:\/\/metalseg.com.br\/site\/wp-content\/uploads\/2018\/03\/arm-mec_foto6-300x300.jpg\" alt=\"arm-mec_foto6\" width=\"300\" height=\"300\" \/><span class=\"su-custom-gallery-title\">arm-mec_foto6<\/span><\/a><\/div><div class=\"su-custom-gallery-slide\" style=\"width:300px;height:300px\"><a href=\"http:\/\/metalseg.com.br\/site\/wp-content\/uploads\/2018\/03\/arm-mec_foto5.jpg\" title=\"arm-mec_foto5\"><img loading=\"lazy\" decoding=\"async\" src=\"http:\/\/metalseg.com.br\/site\/wp-content\/uploads\/2018\/03\/arm-mec_foto5-300x300.jpg\" alt=\"arm-mec_foto5\" width=\"300\" height=\"300\" \/><span class=\"su-custom-gallery-title\">arm-mec_foto5<\/span><\/a><\/div><div class=\"su-custom-gallery-slide\" style=\"width:300px;height:300px\"><a href=\"http:\/\/metalseg.com.br\/site\/wp-content\/uploads\/2018\/03\/arm-mec_foto4.jpg\" title=\"arm-mec_foto4\"><img loading=\"lazy\" decoding=\"async\" src=\"http:\/\/metalseg.com.br\/site\/wp-content\/uploads\/2018\/03\/arm-mec_foto4-300x300.jpg\" alt=\"arm-mec_foto4\" width=\"300\" height=\"300\" \/><span class=\"su-custom-gallery-title\">arm-mec_foto4<\/span><\/a><\/div><div class=\"su-custom-gallery-slide\" style=\"width:300px;height:300px\"><a href=\"http:\/\/metalseg.com.br\/site\/wp-content\/uploads\/2018\/03\/arm_foto2.jpg\" title=\"arm_foto2\"><img loading=\"lazy\" decoding=\"async\" src=\"http:\/\/metalseg.com.br\/site\/wp-content\/uploads\/2018\/03\/arm_foto2-300x300.jpg\" alt=\"arm_foto2\" width=\"300\" height=\"300\" \/><span class=\"su-custom-gallery-title\">arm_foto2<\/span><\/a><\/div><div class=\"su-clear\"><\/div><\/div>\n<p style=\"text-align: center;\"><div class=\"su-animate\" style=\"opacity:0;-webkit-animation-duration:1s;-webkit-animation-delay:0s;animation-duration:1s;animation-delay:0s;\" data-animation=\"bounceIn\" data-duration=\"1\" data-delay=\"0\"><div class=\"su-box su-box-style-default\" id=\"\" style=\"border-color:#c5ac28;border-radius:6px;\"><div class=\"su-box-title\" style=\"background-color:#f8df5b;color:#333;border-top-left-radius:4px;border-top-right-radius:4px\">Quer uma cota\u00e7\u00e3o?<\/div><div class=\"su-box-content su-u-clearfix su-u-trim\" style=\"border-bottom-left-radius:4px;border-bottom-right-radius:4px\">\n<div class=\"wpcf7 no-js\" id=\"wpcf7-f4-o1\" lang=\"pt-BR\" dir=\"ltr\" data-wpcf7-id=\"4\">\n<div class=\"screen-reader-response\"><p role=\"status\" aria-live=\"polite\" aria-atomic=\"true\"><\/p> <ul><\/ul><\/div>\n<form action=\"\/site\/wp-json\/wp\/v2\/pages\/91#wpcf7-f4-o1\" method=\"post\" class=\"wpcf7-form init\" aria-label=\"Formul\u00e1rios de contato\" novalidate=\"novalidate\" data-status=\"init\">\n<div style=\"display: none;\">\n<input type=\"hidden\" name=\"_wpcf7\" value=\"4\" \/>\n<input type=\"hidden\" name=\"_wpcf7_version\" value=\"6.0.6\" \/>\n<input type=\"hidden\" name=\"_wpcf7_locale\" value=\"pt_BR\" \/>\n<input type=\"hidden\" name=\"_wpcf7_unit_tag\" value=\"wpcf7-f4-o1\" \/>\n<input type=\"hidden\" name=\"_wpcf7_container_post\" value=\"0\" \/>\n<input type=\"hidden\" name=\"_wpcf7_posted_data_hash\" value=\"\" \/>\n<\/div>\n<p><label> Nome (requerido)<br \/>\n<span class=\"wpcf7-form-control-wrap\" data-name=\"your-name\"><input size=\"40\" maxlength=\"400\" class=\"wpcf7-form-control wpcf7-text wpcf7-validates-as-required\" aria-required=\"true\" aria-invalid=\"false\" value=\"\" type=\"text\" name=\"your-name\" \/><\/span> <\/label>\n<\/p>\n<p><label> Email (requerido)<br \/>\n<span class=\"wpcf7-form-control-wrap\" data-name=\"your-email\"><input size=\"40\" maxlength=\"400\" class=\"wpcf7-form-control wpcf7-email wpcf7-validates-as-required wpcf7-text wpcf7-validates-as-email\" aria-required=\"true\" aria-invalid=\"false\" value=\"\" type=\"email\" name=\"your-email\" \/><\/span> <\/label>\n<\/p>\n<p><label> Telefone (requerido)<br \/>\n<span class=\"wpcf7-form-control-wrap\" data-name=\"tel-357\"><input size=\"40\" maxlength=\"400\" class=\"wpcf7-form-control wpcf7-tel wpcf7-validates-as-required wpcf7-text wpcf7-validates-as-tel\" aria-required=\"true\" aria-invalid=\"false\" value=\"\" type=\"tel\" name=\"tel-357\" \/><\/span><br \/>\n<\/label>\n<\/p>\n<p><label> Mensagem:<br \/>\n<span class=\"wpcf7-form-control-wrap\" data-name=\"your-message\"><textarea cols=\"40\" rows=\"10\" maxlength=\"2000\" class=\"wpcf7-form-control wpcf7-textarea\" aria-invalid=\"false\" name=\"your-message\"><\/textarea><\/span> <\/label>\n<\/p>\n<p><input class=\"wpcf7-form-control wpcf7-submit has-spinner\" type=\"submit\" value=\"Enviar\" \/>\n<\/p><div class=\"wpcf7-response-output\" aria-hidden=\"true\"><\/div>\n<\/form>\n<\/div>\n<\/div><\/div><\/div>\n","protected":false},"excerpt":{"rendered":"<p>Arm\u00e1rios de Seguran\u00e7a em A\u00e7o\u00a0extra-forte com sistema de travamento atrav\u00e9s de fechadura de alta seguran\u00e7a e cilindro multiponto. Perfeito para guardar documentos confidenciais, ferramentas especiais, medicamentos controlados e muito mais. Ideal para escrit\u00f3rios de contabilidade, despachantes, oficinas de inje\u00e7\u00e3o eletr\u00f4nica, drogarias, etc. Fotos do Produto<\/p>\n","protected":false},"author":1,"featured_media":0,"parent":108,"menu_order":0,"comment_status":"closed","ping_status":"closed","template":"","meta":{"footnotes":""},"class_list":["post-91","page","type-page","status-publish","hentry"],"_links":{"self":[{"href":"http:\/\/metalseg.com.br\/site\/wp-json\/wp\/v2\/pages\/91","targetHints":{"allow":["GET"]}}],"collection":[{"href":"http:\/\/metalseg.com.br\/site\/wp-json\/wp\/v2\/pages"}],"about":[{"href":"http:\/\/metalseg.com.br\/site\/wp-json\/wp\/v2\/types\/page"}],"author":[{"embeddable":true,"href":"http:\/\/metalseg.com.br\/site\/wp-json\/wp\/v2\/users\/1"}],"replies":[{"embeddable":true,"href":"http:\/\/metalseg.com.br\/site\/wp-json\/wp\/v2\/comments?post=91"}],"version-history":[{"count":12,"href":"http:\/\/metalseg.com.br\/site\/wp-json\/wp\/v2\/pages\/91\/revisions"}],"predecessor-version":[{"id":388,"href":"http:\/\/metalseg.com.br\/site\/wp-json\/wp\/v2\/pages\/91\/revisions\/388"}],"up":[{"embeddable":true,"href":"http:\/\/metalseg.com.br\/site\/wp-json\/wp\/v2\/pages\/108"}],"wp:attachment":[{"href":"http:\/\/metalseg.com.br\/site\/wp-json\/wp\/v2\/media?parent=91"}],"curies":[{"name":"wp","href":"https:\/\/api.w.org\/{rel}","templated":true}]}}