{"id":89,"date":"2018-01-13T20:40:35","date_gmt":"2018-01-13T20:40:35","guid":{"rendered":"http:\/\/metalseg.com.br\/site\/?page_id=89"},"modified":"2025-08-19T13:29:14","modified_gmt":"2025-08-19T13:29:14","slug":"gaveta-passa-volumes","status":"publish","type":"page","link":"http:\/\/metalseg.com.br\/site\/produtos\/gaveta-passa-volumes\/","title":{"rendered":"Gaveta Passa Volumes"},"content":{"rendered":"\t\t<div data-elementor-type=\"wp-page\" data-elementor-id=\"89\" class=\"elementor elementor-89\">\n\t\t\t\t\t\t<section class=\"elementor-section elementor-top-section elementor-element elementor-element-7ad1bcf7 elementor-section-boxed elementor-section-height-default elementor-section-height-default\" data-id=\"7ad1bcf7\" data-element_type=\"section\">\n\t\t\t\t\t\t<div class=\"elementor-container elementor-column-gap-default\">\n\t\t\t\t\t<div class=\"elementor-column elementor-col-100 elementor-top-column elementor-element elementor-element-5deccf3\" data-id=\"5deccf3\" data-element_type=\"column\">\n\t\t\t<div class=\"elementor-widget-wrap elementor-element-populated\">\n\t\t\t\t\t\t<section class=\"elementor-section elementor-inner-section elementor-element elementor-element-e634e63 elementor-section-boxed elementor-section-height-default elementor-section-height-default\" data-id=\"e634e63\" data-element_type=\"section\">\n\t\t\t\t\t\t<div class=\"elementor-container elementor-column-gap-default\">\n\t\t\t\t\t<div class=\"elementor-column elementor-col-100 elementor-inner-column elementor-element elementor-element-d82dfe1\" data-id=\"d82dfe1\" data-element_type=\"column\">\n\t\t\t<div class=\"elementor-widget-wrap elementor-element-populated\">\n\t\t\t\t\t\t<div class=\"elementor-element elementor-element-6147c75 elementor-align-center elementor-widget elementor-widget-button\" data-id=\"6147c75\" data-element_type=\"widget\" data-widget_type=\"button.default\">\n\t\t\t\t<div class=\"elementor-widget-container\">\n\t\t\t\t\t\t\t\t\t<div class=\"elementor-button-wrapper\">\n\t\t\t\t\t<a class=\"elementor-button elementor-button-link elementor-size-sm\" href=\"https:\/\/api.whatsapp.com\/send\/?phone=5511949398293&#038;text=Ol%C3%A1%21+Gostaria+de+uma+cota%C3%A7%C3%A3o+para+uma+Gaveta+Passa+Volumes.\">\n\t\t\t\t\t\t<span class=\"elementor-button-content-wrapper\">\n\t\t\t\t\t\t<span class=\"elementor-button-icon\">\n\t\t\t\t<i aria-hidden=\"true\" class=\"fab fa-whatsapp\"><\/i>\t\t\t<\/span>\n\t\t\t\t\t\t\t\t\t<span class=\"elementor-button-text\">Fa\u00e7a seu or\u00e7amento com nossa Equipe Comercial<\/span>\n\t\t\t\t\t<\/span>\n\t\t\t\t\t<\/a>\n\t\t\t\t<\/div>\n\t\t\t\t\t\t\t\t<\/div>\n\t\t\t\t<\/div>\n\t\t\t\t\t<\/div>\n\t\t<\/div>\n\t\t\t\t\t<\/div>\n\t\t<\/section>\n\t\t\t\t<div class=\"elementor-element elementor-element-79c3ac92 elementor-widget elementor-widget-text-editor\" data-id=\"79c3ac92\" data-element_type=\"widget\" data-widget_type=\"text-editor.default\">\n\t\t\t\t<div class=\"elementor-widget-container\">\n\t\t\t\t\t\t\t\t\t<p class=\"style4\"><strong>Gaveta de Alta Seguran\u00e7a para Passagem de Encomendas:<\/strong><\/p><p class=\"style3\">Confeccionada em a\u00e7o, sua forma construtiva permite a passagem de volumes m\u00e9dios em guaritas, permitindo controle de entrada de objetos, evitando contato f\u00edsico com pessoas desconhecidas. Fornecida com exclusivo sistema de travamento que impede ataque quando a gaveta \u00e9 aberta.<\/p><div class=\"su-animate\" style=\"opacity:0;-webkit-animation-duration:1s;-webkit-animation-delay:0s;animation-duration:1s;animation-delay:0s;\" data-animation=\"bounceIn\" data-duration=\"1\" data-delay=\"0\"><\/p><p><div class=\"su-box su-box-style-default\" id=\"\" style=\"border-color:#000000;border-radius:6px;\"><div class=\"su-box-title\" style=\"background-color:#333333;color:#FFFFFF;border-top-left-radius:4px;border-top-right-radius:4px\">Op\u00e7\u00f5es de Acabamento<\/div><div class=\"su-box-content su-u-clearfix su-u-trim\" style=\"border-bottom-left-radius:4px;border-bottom-right-radius:4px\"><div class=\"su-table su-table-responsive su-table-alternate\"><\/p><table><tbody><tr><td>Pintura Eletrost\u00e1tica Branca ou Preta<\/td><td>Fundo Primer<\/td><td>A\u00e7o Inox<\/td><\/tr><\/tbody><\/table><p><\/div><\/div><\/div><\/p><p><\/div><h3 style=\"text-align: center;\">Como a Gaveta Passa Volumes funciona?<\/h3><div class=\"su-animate\" style=\"opacity:0;-webkit-animation-duration:1s;-webkit-animation-delay:0s;animation-duration:1s;animation-delay:0s;\" data-animation=\"slideInLeft\" data-duration=\"1\" data-delay=\"0\"><div class=\"su-row\"><div class=\"su-column su-column-size-1-2\"><div class=\"su-column-inner su-u-clearfix su-u-trim\"><div class=\"su-service\"><div class=\"su-service-title\" style=\"padding-left:40px;min-height:26px;line-height:26px\"><i class=\"sui sui-share\" style=\"font-size:26px;color:#900\"><\/i> Primeiro Passo<\/div><div class=\"su-service-content su-u-clearfix su-u-trim\" style=\"padding-left:40px\">O porteiro libera o acesso \u00e0 Gaveta Passa Volumes, puxando o pino na parte de cima da mesma. Este pino permite que a Gaveta deslize para fora, permitindo a abertura da tampa externa. Neste momento ele solta o pino, para impedir que o entregador consiga empurrar a Gaveta de volta para dentro.<\/div><\/div><\/div><\/div> <div class=\"su-column su-column-size-1-2\"><div class=\"su-column-inner su-u-clearfix su-u-trim\"><img fetchpriority=\"high\" decoding=\"async\" class=\"alignnone size-medium wp-image-418\" src=\"http:\/\/metalseg.com.br\/site\/wp-content\/uploads\/2018\/04\/gaveta-aberta-300x225.jpg\" alt=\"\" width=\"300\" height=\"225\" srcset=\"http:\/\/metalseg.com.br\/site\/wp-content\/uploads\/2018\/04\/gaveta-aberta-300x225.jpg 300w, http:\/\/metalseg.com.br\/site\/wp-content\/uploads\/2018\/04\/gaveta-aberta-768x576.jpg 768w, http:\/\/metalseg.com.br\/site\/wp-content\/uploads\/2018\/04\/gaveta-aberta.jpg 1024w\" sizes=\"(max-width: 300px) 100vw, 300px\" \/><\/div><\/div><\/div><\/div><div class=\"su-animate\" style=\"opacity:0;-webkit-animation-duration:1s;-webkit-animation-delay:0s;animation-duration:1s;animation-delay:0s;\" data-animation=\"slideInLeft\" data-duration=\"1\" data-delay=\"0\"><div class=\"su-row\"><div class=\"su-column su-column-size-1-2\"><div class=\"su-column-inner su-u-clearfix su-u-trim\"><div class=\"su-service\"><div class=\"su-service-title\" style=\"padding-left:40px;min-height:26px;line-height:26px\"><i class=\"sui sui-share\" style=\"font-size:26px;color:#900\"><\/i> Segundo Passo<\/div><div class=\"su-service-content su-u-clearfix su-u-trim\" style=\"padding-left:40px\">O entregador abre a tampa exterior, insere o volume a ser entregue, abaixa a tampa, assim a fechando.<\/div><\/div><\/div><\/div> <div class=\"su-column su-column-size-1-2\"><div class=\"su-column-inner su-u-clearfix su-u-trim\"><img decoding=\"async\" class=\"alignnone size-medium wp-image-420\" src=\"http:\/\/metalseg.com.br\/site\/wp-content\/uploads\/2018\/04\/gaveta-fechando-com-volume-300x225.jpg\" alt=\"\" width=\"300\" height=\"225\" srcset=\"http:\/\/metalseg.com.br\/site\/wp-content\/uploads\/2018\/04\/gaveta-fechando-com-volume-300x225.jpg 300w, http:\/\/metalseg.com.br\/site\/wp-content\/uploads\/2018\/04\/gaveta-fechando-com-volume-768x576.jpg 768w, http:\/\/metalseg.com.br\/site\/wp-content\/uploads\/2018\/04\/gaveta-fechando-com-volume.jpg 1024w\" sizes=\"(max-width: 300px) 100vw, 300px\" \/><\/div><\/div><\/div><\/div><div class=\"su-animate\" style=\"opacity:0;-webkit-animation-duration:1s;-webkit-animation-delay:0s;animation-duration:1s;animation-delay:0s;\" data-animation=\"slideInLeft\" data-duration=\"1\" data-delay=\"0\"><div class=\"su-row\"><div class=\"su-column su-column-size-1-2\"><div class=\"su-column-inner su-u-clearfix su-u-trim\"><div class=\"su-service\"><div class=\"su-service-title\" style=\"padding-left:40px;min-height:26px;line-height:26px\"><i class=\"sui sui-share\" style=\"font-size:26px;color:#900\"><\/i> Terceiro Passo<\/div><div class=\"su-service-content su-u-clearfix su-u-trim\" style=\"padding-left:40px\">O porteiro puxa o pino novamente, mas desta vez para deslizar a gaveta de volta para dentro, impossibilitando a abertura da tampa externa novamente e possibilitando a abertura da tampa interna, assim retirando o volume de dentro da Gaveta.<\/div><\/div><\/div><\/div> <div class=\"su-column su-column-size-1-2\"><div class=\"su-column-inner su-u-clearfix su-u-trim\"><img decoding=\"async\" class=\"alignnone size-medium wp-image-419\" src=\"http:\/\/metalseg.com.br\/site\/wp-content\/uploads\/2018\/04\/gaveta-aberta-entrando-volume-300x225.jpg\" alt=\"\" width=\"300\" height=\"225\" srcset=\"http:\/\/metalseg.com.br\/site\/wp-content\/uploads\/2018\/04\/gaveta-aberta-entrando-volume-300x225.jpg 300w, http:\/\/metalseg.com.br\/site\/wp-content\/uploads\/2018\/04\/gaveta-aberta-entrando-volume-768x576.jpg 768w, http:\/\/metalseg.com.br\/site\/wp-content\/uploads\/2018\/04\/gaveta-aberta-entrando-volume.jpg 1024w\" sizes=\"(max-width: 300px) 100vw, 300px\" \/><\/div><\/div><\/div><\/div><h3 style=\"text-align: center;\">Fotos da Gaveta Passa Volumes<\/h3><div class=\"su-custom-gallery su-custom-gallery-align-left su-custom-gallery-title-never su-lightbox-gallery\"><div class=\"su-custom-gallery-slide\" style=\"width:300px;height:300px\"><a href=\"http:\/\/metalseg.com.br\/site\/wp-content\/uploads\/2018\/04\/WhatsApp-Image-2018-04-02-at-16.36.32-1.jpeg\" title=\"Gaveta Passa Volumes\"><img loading=\"lazy\" decoding=\"async\" src=\"http:\/\/metalseg.com.br\/site\/wp-content\/uploads\/2018\/04\/WhatsApp-Image-2018-04-02-at-16.36.32-1-300x300.jpeg\" alt=\"Gaveta Passa Volumes\" width=\"300\" height=\"300\" \/><span class=\"su-custom-gallery-title\">Gaveta Passa Volumes<\/span><\/a><\/div><div class=\"su-custom-gallery-slide\" style=\"width:300px;height:300px\"><a href=\"http:\/\/metalseg.com.br\/site\/wp-content\/uploads\/2018\/04\/WhatsApp-Image-2018-04-02-at-16.36.32.jpeg\" title=\"Gaveta Passa Volumes\"><img loading=\"lazy\" decoding=\"async\" src=\"http:\/\/metalseg.com.br\/site\/wp-content\/uploads\/2018\/04\/WhatsApp-Image-2018-04-02-at-16.36.32-300x300.jpeg\" alt=\"Gaveta Passa Volumes\" width=\"300\" height=\"300\" \/><span class=\"su-custom-gallery-title\">Gaveta Passa Volumes<\/span><\/a><\/div><div class=\"su-custom-gallery-slide\" style=\"width:300px;height:300px\"><a href=\"http:\/\/metalseg.com.br\/site\/wp-content\/uploads\/2018\/04\/WhatsApp-Image-2018-04-02-at-16.36.33-1.jpeg\" title=\"Gaveta Passa Volumes\"><img loading=\"lazy\" decoding=\"async\" src=\"http:\/\/metalseg.com.br\/site\/wp-content\/uploads\/2018\/04\/WhatsApp-Image-2018-04-02-at-16.36.33-1-300x300.jpeg\" alt=\"Gaveta Passa Volumes\" width=\"300\" height=\"300\" \/><span class=\"su-custom-gallery-title\">Gaveta Passa Volumes<\/span><\/a><\/div><div class=\"su-custom-gallery-slide\" style=\"width:300px;height:300px\"><a href=\"http:\/\/metalseg.com.br\/site\/wp-content\/uploads\/2018\/04\/WhatsApp-Image-2018-04-02-at-16.36.34-1.jpeg\" title=\"Gaveta Passa Volumes\"><img loading=\"lazy\" decoding=\"async\" src=\"http:\/\/metalseg.com.br\/site\/wp-content\/uploads\/2018\/04\/WhatsApp-Image-2018-04-02-at-16.36.34-1-300x300.jpeg\" alt=\"Gaveta Passa Volumes\" width=\"300\" height=\"300\" \/><span class=\"su-custom-gallery-title\">Gaveta Passa Volumes<\/span><\/a><\/div><div class=\"su-custom-gallery-slide\" style=\"width:300px;height:300px\"><a href=\"http:\/\/metalseg.com.br\/site\/wp-content\/uploads\/2018\/04\/WhatsApp-Image-2018-04-02-at-16.36.34.jpeg\" title=\"Gaveta Passa Volumes\"><img loading=\"lazy\" decoding=\"async\" src=\"http:\/\/metalseg.com.br\/site\/wp-content\/uploads\/2018\/04\/WhatsApp-Image-2018-04-02-at-16.36.34-300x300.jpeg\" alt=\"Gaveta Passa Volumes\" width=\"300\" height=\"300\" \/><span class=\"su-custom-gallery-title\">Gaveta Passa Volumes<\/span><\/a><\/div><div class=\"su-custom-gallery-slide\" style=\"width:300px;height:300px\"><a href=\"http:\/\/metalseg.com.br\/site\/wp-content\/uploads\/2018\/04\/Gaveta-Instalada-1.jpg\" title=\"Gaveta Instalada (1)\"><img loading=\"lazy\" decoding=\"async\" src=\"http:\/\/metalseg.com.br\/site\/wp-content\/uploads\/2018\/04\/Gaveta-Instalada-1-300x300.jpg\" alt=\"Gaveta Instalada (1)\" width=\"300\" height=\"300\" \/><span class=\"su-custom-gallery-title\">Gaveta Instalada (1)<\/span><\/a><\/div><div class=\"su-custom-gallery-slide\" style=\"width:300px;height:300px\"><a href=\"http:\/\/metalseg.com.br\/site\/wp-content\/uploads\/2018\/04\/Gaveta-Instalada-2.jpg\" title=\"Gaveta Instalada (2)\"><img loading=\"lazy\" decoding=\"async\" src=\"http:\/\/metalseg.com.br\/site\/wp-content\/uploads\/2018\/04\/Gaveta-Instalada-2-300x300.jpg\" alt=\"Gaveta Instalada (2)\" width=\"300\" height=\"300\" \/><span class=\"su-custom-gallery-title\">Gaveta Instalada (2)<\/span><\/a><\/div><div class=\"su-custom-gallery-slide\" style=\"width:300px;height:300px\"><a href=\"http:\/\/metalseg.com.br\/site\/wp-content\/uploads\/2018\/04\/Gaveta-Instalada-3.jpg\" title=\"Gaveta Instalada (3)\"><img loading=\"lazy\" decoding=\"async\" src=\"http:\/\/metalseg.com.br\/site\/wp-content\/uploads\/2018\/04\/Gaveta-Instalada-3-300x300.jpg\" alt=\"Gaveta Instalada (3)\" width=\"300\" height=\"300\" \/><span class=\"su-custom-gallery-title\">Gaveta Instalada (3)<\/span><\/a><\/div><div class=\"su-custom-gallery-slide\" style=\"width:300px;height:300px\"><a href=\"http:\/\/metalseg.com.br\/site\/wp-content\/uploads\/2018\/04\/Gaveta-Instalada-4.jpg\" title=\"Gaveta Instalada (4)\"><img loading=\"lazy\" decoding=\"async\" src=\"http:\/\/metalseg.com.br\/site\/wp-content\/uploads\/2018\/04\/Gaveta-Instalada-4-300x300.jpg\" alt=\"Gaveta Instalada (4)\" width=\"300\" height=\"300\" \/><span class=\"su-custom-gallery-title\">Gaveta Instalada (4)<\/span><\/a><\/div><div class=\"su-custom-gallery-slide\" style=\"width:300px;height:300px\"><a href=\"http:\/\/metalseg.com.br\/site\/wp-content\/uploads\/2018\/04\/Gaveta-Instalada-6.jpg\" title=\"Gaveta Instalada (6)\"><img loading=\"lazy\" decoding=\"async\" src=\"http:\/\/metalseg.com.br\/site\/wp-content\/uploads\/2018\/04\/Gaveta-Instalada-6-300x300.jpg\" alt=\"Gaveta Instalada (6)\" width=\"300\" height=\"300\" \/><span class=\"su-custom-gallery-title\">Gaveta Instalada (6)<\/span><\/a><\/div><div class=\"su-custom-gallery-slide\" style=\"width:300px;height:300px\"><a href=\"http:\/\/metalseg.com.br\/site\/wp-content\/uploads\/2018\/04\/Gaveta-Vista-de-Dentro.jpg\" title=\"Gaveta Vista de Dentro\"><img loading=\"lazy\" decoding=\"async\" src=\"http:\/\/metalseg.com.br\/site\/wp-content\/uploads\/2018\/04\/Gaveta-Vista-de-Dentro-300x300.jpg\" alt=\"Gaveta Vista de Dentro\" width=\"300\" height=\"300\" \/><span class=\"su-custom-gallery-title\">Gaveta Vista de Dentro<\/span><\/a><\/div><div class=\"su-clear\"><\/div><\/div><div class=\"su-animate\" style=\"opacity:0;-webkit-animation-duration:1s;-webkit-animation-delay:0s;animation-duration:1s;animation-delay:0s;\" data-animation=\"bounceIn\" data-duration=\"1\" data-delay=\"0\"><div class=\"su-box su-box-style-default\" id=\"\" style=\"border-color:#c5ac28;border-radius:6px;\"><div class=\"su-box-title\" style=\"background-color:#f8df5b;color:#333;border-top-left-radius:4px;border-top-right-radius:4px\">Receba sua cota\u00e7\u00e3o em minutos<\/div><div class=\"su-box-content su-u-clearfix su-u-trim\" style=\"border-bottom-left-radius:4px;border-bottom-right-radius:4px\">\n<div class=\"wpcf7 no-js\" id=\"wpcf7-f4-o1\" lang=\"pt-BR\" dir=\"ltr\" data-wpcf7-id=\"4\">\n<div class=\"screen-reader-response\"><p role=\"status\" aria-live=\"polite\" aria-atomic=\"true\"><\/p> <ul><\/ul><\/div>\n<form action=\"\/site\/wp-json\/wp\/v2\/pages\/89#wpcf7-f4-o1\" method=\"post\" class=\"wpcf7-form init\" aria-label=\"Formul\u00e1rios de contato\" novalidate=\"novalidate\" data-status=\"init\">\n<div style=\"display: none;\">\n<input type=\"hidden\" name=\"_wpcf7\" value=\"4\" \/>\n<input type=\"hidden\" name=\"_wpcf7_version\" value=\"6.0.6\" \/>\n<input type=\"hidden\" name=\"_wpcf7_locale\" value=\"pt_BR\" \/>\n<input type=\"hidden\" name=\"_wpcf7_unit_tag\" value=\"wpcf7-f4-o1\" \/>\n<input type=\"hidden\" name=\"_wpcf7_container_post\" value=\"0\" \/>\n<input type=\"hidden\" name=\"_wpcf7_posted_data_hash\" value=\"\" \/>\n<\/div>\n<p><label> Nome (requerido)<br \/>\n<span class=\"wpcf7-form-control-wrap\" data-name=\"your-name\"><input size=\"40\" maxlength=\"400\" class=\"wpcf7-form-control wpcf7-text wpcf7-validates-as-required\" aria-required=\"true\" aria-invalid=\"false\" value=\"\" type=\"text\" name=\"your-name\" \/><\/span> <\/label>\n<\/p>\n<p><label> Email (requerido)<br \/>\n<span class=\"wpcf7-form-control-wrap\" data-name=\"your-email\"><input size=\"40\" maxlength=\"400\" class=\"wpcf7-form-control wpcf7-email wpcf7-validates-as-required wpcf7-text wpcf7-validates-as-email\" aria-required=\"true\" aria-invalid=\"false\" value=\"\" type=\"email\" name=\"your-email\" \/><\/span> <\/label>\n<\/p>\n<p><label> Telefone (requerido)<br \/>\n<span class=\"wpcf7-form-control-wrap\" data-name=\"tel-357\"><input size=\"40\" maxlength=\"400\" class=\"wpcf7-form-control wpcf7-tel wpcf7-validates-as-required wpcf7-text wpcf7-validates-as-tel\" aria-required=\"true\" aria-invalid=\"false\" value=\"\" type=\"tel\" name=\"tel-357\" \/><\/span><br \/>\n<\/label>\n<\/p>\n<p><label> Mensagem:<br \/>\n<span class=\"wpcf7-form-control-wrap\" data-name=\"your-message\"><textarea cols=\"40\" rows=\"10\" maxlength=\"2000\" class=\"wpcf7-form-control wpcf7-textarea\" aria-invalid=\"false\" name=\"your-message\"><\/textarea><\/span> <\/label>\n<\/p>\n<p><input class=\"wpcf7-form-control wpcf7-submit has-spinner\" type=\"submit\" value=\"Enviar\" \/>\n<\/p><div class=\"wpcf7-response-output\" aria-hidden=\"true\"><\/div>\n<\/form>\n<\/div>\n<\/div><\/div><\/div>\t\t\t\t\t\t\t\t<\/div>\n\t\t\t\t<\/div>\n\t\t\t\t<div class=\"elementor-element elementor-element-4e5ffe3 elementor-align-center elementor-widget elementor-widget-button\" data-id=\"4e5ffe3\" data-element_type=\"widget\" data-widget_type=\"button.default\">\n\t\t\t\t<div class=\"elementor-widget-container\">\n\t\t\t\t\t\t\t\t\t<div class=\"elementor-button-wrapper\">\n\t\t\t\t\t<a class=\"elementor-button elementor-button-link elementor-size-sm\" href=\"https:\/\/api.whatsapp.com\/send\/?phone=5511949398293&#038;text=Ol%C3%A1%21+Gostaria+de+uma+cota%C3%A7%C3%A3o+para+uma+Gaveta+Passa+Volumes.\">\n\t\t\t\t\t\t<span class=\"elementor-button-content-wrapper\">\n\t\t\t\t\t\t<span class=\"elementor-button-icon\">\n\t\t\t\t<i aria-hidden=\"true\" class=\"fab fa-whatsapp\"><\/i>\t\t\t<\/span>\n\t\t\t\t\t\t\t\t\t<span class=\"elementor-button-text\">Fale com um Especialista<\/span>\n\t\t\t\t\t<\/span>\n\t\t\t\t\t<\/a>\n\t\t\t\t<\/div>\n\t\t\t\t\t\t\t\t<\/div>\n\t\t\t\t<\/div>\n\t\t\t\t\t<\/div>\n\t\t<\/div>\n\t\t\t\t\t<\/div>\n\t\t<\/section>\n\t\t\t\t<\/div>\n\t\t","protected":false},"excerpt":{"rendered":"<p>Fa\u00e7a seu or\u00e7amento com nossa Equipe Comercial Gaveta de Alta Seguran\u00e7a para Passagem de Encomendas: Confeccionada em a\u00e7o, sua forma construtiva permite a passagem de volumes m\u00e9dios em guaritas, permitindo controle de entrada de objetos, evitando contato f\u00edsico com pessoas desconhecidas. Fornecida com exclusivo sistema de travamento que impede ataque quando a gaveta \u00e9 aberta.&hellip; <br \/> <a class=\"button small blue\" href=\"http:\/\/metalseg.com.br\/site\/produtos\/gaveta-passa-volumes\/\">Leia mais<\/a><\/p>\n","protected":false},"author":1,"featured_media":0,"parent":108,"menu_order":0,"comment_status":"closed","ping_status":"closed","template":"","meta":{"footnotes":""},"class_list":["post-89","page","type-page","status-publish","hentry"],"_links":{"self":[{"href":"http:\/\/metalseg.com.br\/site\/wp-json\/wp\/v2\/pages\/89","targetHints":{"allow":["GET"]}}],"collection":[{"href":"http:\/\/metalseg.com.br\/site\/wp-json\/wp\/v2\/pages"}],"about":[{"href":"http:\/\/metalseg.com.br\/site\/wp-json\/wp\/v2\/types\/page"}],"author":[{"embeddable":true,"href":"http:\/\/metalseg.com.br\/site\/wp-json\/wp\/v2\/users\/1"}],"replies":[{"embeddable":true,"href":"http:\/\/metalseg.com.br\/site\/wp-json\/wp\/v2\/comments?post=89"}],"version-history":[{"count":40,"href":"http:\/\/metalseg.com.br\/site\/wp-json\/wp\/v2\/pages\/89\/revisions"}],"predecessor-version":[{"id":552,"href":"http:\/\/metalseg.com.br\/site\/wp-json\/wp\/v2\/pages\/89\/revisions\/552"}],"up":[{"embeddable":true,"href":"http:\/\/metalseg.com.br\/site\/wp-json\/wp\/v2\/pages\/108"}],"wp:attachment":[{"href":"http:\/\/metalseg.com.br\/site\/wp-json\/wp\/v2\/media?parent=89"}],"curies":[{"name":"wp","href":"https:\/\/api.w.org\/{rel}","templated":true}]}}